{"id":6199,"date":"2019-03-12T21:55:39","date_gmt":"2019-03-12T21:55:39","guid":{"rendered":"http:\/\/www.fundaciongarciasineriz.es\/in-memoriam\/"},"modified":"2019-03-12T21:55:40","modified_gmt":"2019-03-12T21:55:40","slug":"in-memoriam","status":"publish","type":"page","link":"https:\/\/www.fundaciongarciasineriz.es\/en\/in-memoriam\/","title":{"rendered":"In Memoriam"},"content":{"rendered":"<div class=\"wpb-content-wrapper\"><p>[vc_row][vc_column][lab_heading title_tag=&#8221;H1&#8243; title=&#8221;In Memoriam&#8221; el_class=&#8221;separador&#8221;][\/lab_heading][\/vc_column][\/vc_row][vc_row full_width=&#8221;stretch_row&#8221; css=&#8221;.vc_custom_1550037769123{margin-bottom: 75px !important;padding-top: 20px !important;padding-bottom: 40px !important;background-color: #eae9ea !important;}&#8221;][vc_column width=&#8221;1\/3&#8243;][vc_single_image image=&#8221;1026&#8243; alignment=&#8221;center&#8221; style=&#8221;vc_box_circle&#8221;][vc_column_text]<\/p>\n<h3 style=\"text-align: center;\">Dr. Alfonso L\u00f3pez Arroyo<\/h3>\n<p>[\/vc_column_text][vc_btn title=&#8221;MORE INFO&#8221; shape=&#8221;square&#8221; color=&#8221;white&#8221; align=&#8221;center&#8221; link=&#8221;url:http%3A%2F%2Fwww.fundaciongarciasineriz.es%2Fwp-content%2Fuploads%2Fattachments%2Falfonso_lopez_arroyo-en.pdf|title:MORE%20INFO|target:%20_blank|&#8221;][\/vc_column][vc_column width=&#8221;1\/3&#8243;][vc_single_image image=&#8221;1027&#8243; alignment=&#8221;center&#8221; style=&#8221;vc_box_circle&#8221;][vc_column_text]<\/p>\n<h3 style=\"text-align: center;\">Dr. \u00c1ngel Garc\u00eda Yag\u00fce<\/h3>\n<p>[\/vc_column_text][vc_btn title=&#8221;MORE INFO&#8221; shape=&#8221;square&#8221; color=&#8221;white&#8221; align=&#8221;center&#8221; link=&#8221;url:http%3A%2F%2Fwww.fundaciongarciasineriz.es%2Fwp-content%2Fuploads%2Fattachments%2FGarcia_Yague_EN.pdf|title:MORE%20INFO|target:%20_blank|&#8221;][\/vc_column][vc_column width=&#8221;1\/3&#8243;][vc_single_image image=&#8221;1028&#8243; alignment=&#8221;center&#8221; style=&#8221;vc_box_circle&#8221;][vc_column_text]<\/p>\n<h3 style=\"text-align: center;\">Dr. \u00c1lvaro F. Espinosa<\/h3>\n<p>[\/vc_column_text][vc_btn title=&#8221;MORE INFO&#8221; shape=&#8221;square&#8221; color=&#8221;white&#8221; align=&#8221;center&#8221; link=&#8221;url:http%3A%2F%2Fwww.fundaciongarciasineriz.es%2Fwp-content%2Fuploads%2Fattachments%2FAlvaro_EN.pdf|title:MORE%20INFO|target:%20_blank|&#8221;][\/vc_column][\/vc_row]<\/p>\n<\/div>","protected":false},"excerpt":{"rendered":"<p>[vc_row][vc_column][lab_heading title_tag=&#8221;H1&#8243; title=&#8221;In Memoriam&#8221; el_class=&#8221;separador&#8221;][\/lab_heading][\/vc_column][\/vc_row][vc_row full_width=&#8221;stretch_row&#8221; css=&#8221;.vc_custom_1550037769123{margin-bottom: 75px !important;padding-top: 20px !important;padding-bottom: 40px !important;background-color: #eae9ea !important;}&#8221;][vc_column width=&#8221;1\/3&#8243;][vc_single_image image=&#8221;1026&#8243; alignment=&#8221;center&#8221; style=&#8221;vc_box_circle&#8221;][vc_column_text] Dr. Alfonso L\u00f3pez Arroyo [\/vc_column_text][vc_btn title=&#8221;MORE INFO&#8221; shape=&#8221;square&#8221; color=&#8221;white&#8221; align=&#8221;center&#8221; link=&#8221;url:http%3A%2F%2Fwww.fundaciongarciasineriz.es%2Fwp-content%2Fuploads%2Fattachments%2Falfonso_lopez_arroyo-en.pdf|title:MORE%20INFO|target:%20_blank|&#8221;][\/vc_column][vc_column width=&#8221;1\/3&#8243;][vc_single_image image=&#8221;1027&#8243; alignment=&#8221;center&#8221; style=&#8221;vc_box_circle&#8221;][vc_column_text] Dr. \u00c1ngel Garc\u00eda Yag\u00fce [\/vc_column_text][vc_btn title=&#8221;MORE INFO&#8221; shape=&#8221;square&#8221; color=&#8221;white&#8221; align=&#8221;center&#8221; link=&#8221;url:http%3A%2F%2Fwww.fundaciongarciasineriz.es%2Fwp-content%2Fuploads%2Fattachments%2FGarcia_Yague_EN.pdf|title:MORE%20INFO|target:%20_blank|&#8221;][\/vc_column][vc_column width=&#8221;1\/3&#8243;][vc_single_image image=&#8221;1028&#8243; alignment=&#8221;center&#8221; style=&#8221;vc_box_circle&#8221;][vc_column_text] Dr. \u00c1lvaro F. Espinosa [\/vc_column_text][vc_btn title=&#8221;MORE&hellip;<\/p>\n","protected":false},"author":1,"featured_media":0,"parent":0,"menu_order":0,"comment_status":"closed","ping_status":"closed","template":"","meta":{"_acf_changed":false,"inline_featured_image":false,"footnotes":""},"class_list":["post-6199","page","type-page","status-publish","hentry"],"acf":[],"_links":{"self":[{"href":"https:\/\/www.fundaciongarciasineriz.es\/en\/wp-json\/wp\/v2\/pages\/6199","targetHints":{"allow":["GET"]}}],"collection":[{"href":"https:\/\/www.fundaciongarciasineriz.es\/en\/wp-json\/wp\/v2\/pages"}],"about":[{"href":"https:\/\/www.fundaciongarciasineriz.es\/en\/wp-json\/wp\/v2\/types\/page"}],"author":[{"embeddable":true,"href":"https:\/\/www.fundaciongarciasineriz.es\/en\/wp-json\/wp\/v2\/users\/1"}],"replies":[{"embeddable":true,"href":"https:\/\/www.fundaciongarciasineriz.es\/en\/wp-json\/wp\/v2\/comments?post=6199"}],"version-history":[{"count":5,"href":"https:\/\/www.fundaciongarciasineriz.es\/en\/wp-json\/wp\/v2\/pages\/6199\/revisions"}],"predecessor-version":[{"id":6204,"href":"https:\/\/www.fundaciongarciasineriz.es\/en\/wp-json\/wp\/v2\/pages\/6199\/revisions\/6204"}],"wp:attachment":[{"href":"https:\/\/www.fundaciongarciasineriz.es\/en\/wp-json\/wp\/v2\/media?parent=6199"}],"curies":[{"name":"wp","href":"https:\/\/api.w.org\/{rel}","templated":true}]}}